{"id":18,"date":"2021-07-28T11:30:04","date_gmt":"2021-07-28T09:30:04","guid":{"rendered":"https:\/\/elektrotechnik-biedermann.de\/?page_id=18"},"modified":"2021-10-19T11:28:19","modified_gmt":"2021-10-19T09:28:19","slug":"about","status":"publish","type":"page","link":"https:\/\/elektrotechnik-biedermann.de\/?page_id=18","title":{"rendered":"\u00dcber uns"},"content":{"rendered":"\t\t<div data-elementor-type=\"wp-page\" data-elementor-id=\"18\" class=\"elementor elementor-18\">\n\t\t\t\t\t\t\t\t\t<section class=\"elementor-section elementor-top-section elementor-element elementor-element-066833b elementor-section-boxed elementor-section-height-default elementor-section-height-default\" data-id=\"066833b\" data-element_type=\"section\">\n\t\t\t\t\t\t<div class=\"elementor-container elementor-column-gap-default\">\n\t\t\t\t\t<div class=\"elementor-column elementor-col-33 elementor-top-column elementor-element elementor-element-7591420\" data-id=\"7591420\" data-element_type=\"column\">\n\t\t\t<div class=\"elementor-widget-wrap\">\n\t\t\t\t\t\t\t\t\t<\/div>\n\t\t<\/div>\n\t\t\t\t<div class=\"elementor-column elementor-col-66 elementor-top-column elementor-element elementor-element-5769601\" data-id=\"5769601\" data-element_type=\"column\">\n\t\t\t<div class=\"elementor-widget-wrap elementor-element-populated\">\n\t\t\t\t\t\t\t\t<div class=\"elementor-element elementor-element-d698c91 elementor-widget elementor-widget-heading\" data-id=\"d698c91\" data-element_type=\"widget\" data-widget_type=\"heading.default\">\n\t\t\t\t<div class=\"elementor-widget-container\">\n\t\t\t<style>\/*! elementor - v3.7.8 - 02-10-2022 *\/\n.elementor-heading-title{padding:0;margin:0;line-height:1}.elementor-widget-heading .elementor-heading-title[class*=elementor-size-]>a{color:inherit;font-size:inherit;line-height:inherit}.elementor-widget-heading .elementor-heading-title.elementor-size-small{font-size:15px}.elementor-widget-heading .elementor-heading-title.elementor-size-medium{font-size:19px}.elementor-widget-heading .elementor-heading-title.elementor-size-large{font-size:29px}.elementor-widget-heading .elementor-heading-title.elementor-size-xl{font-size:39px}.elementor-widget-heading .elementor-heading-title.elementor-size-xxl{font-size:59px}<\/style><h2 class=\"elementor-heading-title elementor-size-default\">\u00dcber uns<\/h2>\t\t<\/div>\n\t\t\t\t<\/div>\n\t\t\t\t\t<\/div>\n\t\t<\/div>\n\t\t\t\t\t\t\t<\/div>\n\t\t<\/section>\n\t\t\t\t<section class=\"elementor-section elementor-top-section elementor-element elementor-element-f089147 elementor-section-boxed elementor-section-height-default elementor-section-height-default\" data-id=\"f089147\" data-element_type=\"section\">\n\t\t\t\t\t\t<div class=\"elementor-container elementor-column-gap-default\">\n\t\t\t\t\t<div class=\"elementor-column elementor-col-100 elementor-top-column elementor-element elementor-element-5943804\" data-id=\"5943804\" data-element_type=\"column\">\n\t\t\t<div class=\"elementor-widget-wrap elementor-element-populated\">\n\t\t\t\t\t\t\t\t<div class=\"elementor-element elementor-element-2526e14 elementor-widget elementor-widget-text-editor\" data-id=\"2526e14\" data-element_type=\"widget\" data-widget_type=\"text-editor.default\">\n\t\t\t\t<div class=\"elementor-widget-container\">\n\t\t\t<style>\/*! elementor - v3.7.8 - 02-10-2022 *\/\n.elementor-widget-text-editor.elementor-drop-cap-view-stacked .elementor-drop-cap{background-color:#818a91;color:#fff}.elementor-widget-text-editor.elementor-drop-cap-view-framed .elementor-drop-cap{color:#818a91;border:3px solid;background-color:transparent}.elementor-widget-text-editor:not(.elementor-drop-cap-view-default) .elementor-drop-cap{margin-top:8px}.elementor-widget-text-editor:not(.elementor-drop-cap-view-default) .elementor-drop-cap-letter{width:1em;height:1em}.elementor-widget-text-editor .elementor-drop-cap{float:left;text-align:center;line-height:1;font-size:50px}.elementor-widget-text-editor .elementor-drop-cap-letter{display:inline-block}<\/style>\t\t\t\t<h4><strong>Firmenentwicklung<\/strong><\/h4><p>2010:<br \/>Die Firma wurde gegr\u00fcndet von Michael Biedermann am 01.09.2010<\/p><p>2015:<br \/>F\u00fcnfj\u00e4hriges bestehen unserer Firma mit 5 Teilzeitkr\u00e4ften und einer B\u00fcrokraft<\/p><p>2016:<br \/>Unser Betrieb wird zum Ausbildungsbetrieb mit einem Lehrling<\/p><p>2020:<br \/>Unser Lehrling wird zum Geselle, herzlichen Gl\u00fcckwunsch hierzu.<br \/><strong>September: 10 Jahre Elektrotechnik Biedermann.<\/strong> Leider mussten die Feierlichkeiten ausfallen.<\/p>\t\t\t\t\t\t<\/div>\n\t\t\t\t<\/div>\n\t\t\t\t\t<\/div>\n\t\t<\/div>\n\t\t\t\t\t\t\t<\/div>\n\t\t<\/section>\n\t\t\t\t\t\t\t<\/div>\n\t\t","protected":false},"excerpt":{"rendered":"<p>\u00dcber uns Firmenentwicklung 2010: Die Firma wurde gegr\u00fcndet von Michael Biedermann am 01.09.2010 2015: F\u00fcnfj\u00e4hriges bestehen unserer Firma mit 5 Teilzeitkr\u00e4ften und einer B\u00fcrokraft 2016: Unser Betrieb wird zum Ausbildungsbetrieb mit einem Lehrling 2020: Unser Lehrling wird zum Geselle, herzlichen Gl\u00fcckwunsch hierzu. September: 10 Jahre Elektrotechnik Biedermann. Leider mussten die Feierlichkeiten ausfallen.<\/p>\n","protected":false},"author":1,"featured_media":0,"parent":17,"menu_order":0,"comment_status":"closed","ping_status":"closed","template":"","meta":{"site-sidebar-layout":"no-sidebar","site-content-layout":"default","ast-global-header-display":"","ast-main-header-display":"","ast-hfb-above-header-display":"","ast-hfb-below-header-display":"","ast-hfb-mobile-header-display":"","site-post-title":"disabled","ast-breadcrumbs-content":"","ast-featured-img":"","footer-sml-layout":"","theme-transparent-header-meta":"default","adv-header-id-meta":"","stick-header-meta":"","header-above-stick-meta":"","header-main-stick-meta":"","header-below-stick-meta":"","footnotes":""},"class_list":["post-18","page","type-page","status-publish","hentry"],"yoast_head":"<!-- This site is optimized with the Yoast SEO plugin v19.7.1 - https:\/\/yoast.com\/wordpress\/plugins\/seo\/ -->\n<title>\u00dcber uns - Elektrotechnik Biedermann<\/title>\n<meta name=\"robots\" content=\"index, follow, max-snippet:-1, max-image-preview:large, max-video-preview:-1\" \/>\n<link rel=\"canonical\" href=\"https:\/\/elektrotechnik-biedermann.de\/?page_id=18\" \/>\n<meta property=\"og:locale\" content=\"de_DE\" \/>\n<meta property=\"og:type\" content=\"article\" \/>\n<meta property=\"og:title\" content=\"\u00dcber uns - Elektrotechnik Biedermann\" \/>\n<meta property=\"og:description\" content=\"\u00dcber uns Firmenentwicklung 2010: Die Firma wurde gegr\u00fcndet von Michael Biedermann am 01.09.2010 2015: F\u00fcnfj\u00e4hriges bestehen unserer Firma mit 5 Teilzeitkr\u00e4ften und einer B\u00fcrokraft 2016: Unser Betrieb wird zum Ausbildungsbetrieb mit einem Lehrling 2020: Unser Lehrling wird zum Geselle, herzlichen Gl\u00fcckwunsch hierzu. September: 10 Jahre Elektrotechnik Biedermann. Leider mussten die Feierlichkeiten ausfallen.\" \/>\n<meta property=\"og:url\" content=\"https:\/\/elektrotechnik-biedermann.de\/?page_id=18\" \/>\n<meta property=\"og:site_name\" content=\"Elektrotechnik Biedermann\" \/>\n<meta property=\"article:modified_time\" content=\"2021-10-19T09:28:19+00:00\" \/>\n<meta name=\"twitter:card\" content=\"summary_large_image\" \/>\n<meta name=\"twitter:label1\" content=\"Gesch\u00e4tzte Lesezeit\" \/>\n\t<meta name=\"twitter:data1\" content=\"1\u00a0Minute\" \/>\n<script type=\"application\/ld+json\" class=\"yoast-schema-graph\">{\"@context\":\"https:\/\/schema.org\",\"@graph\":[{\"@type\":\"WebPage\",\"@id\":\"https:\/\/elektrotechnik-biedermann.de\/?page_id=18\",\"url\":\"https:\/\/elektrotechnik-biedermann.de\/?page_id=18\",\"name\":\"\u00dcber uns - Elektrotechnik Biedermann\",\"isPartOf\":{\"@id\":\"https:\/\/elektrotechnik-biedermann.de\/#website\"},\"datePublished\":\"2021-07-28T09:30:04+00:00\",\"dateModified\":\"2021-10-19T09:28:19+00:00\",\"breadcrumb\":{\"@id\":\"https:\/\/elektrotechnik-biedermann.de\/?page_id=18#breadcrumb\"},\"inLanguage\":\"de\",\"potentialAction\":[{\"@type\":\"ReadAction\",\"target\":[\"https:\/\/elektrotechnik-biedermann.de\/?page_id=18\"]}]},{\"@type\":\"BreadcrumbList\",\"@id\":\"https:\/\/elektrotechnik-biedermann.de\/?page_id=18#breadcrumb\",\"itemListElement\":[{\"@type\":\"ListItem\",\"position\":1,\"name\":\"Startseite\",\"item\":\"https:\/\/elektrotechnik-biedermann.de\/\"},{\"@type\":\"ListItem\",\"position\":2,\"name\":\"Home\",\"item\":\"https:\/\/elektrotechnik-biedermann.de\/\"},{\"@type\":\"ListItem\",\"position\":3,\"name\":\"\u00dcber uns\"}]},{\"@type\":\"WebSite\",\"@id\":\"https:\/\/elektrotechnik-biedermann.de\/#website\",\"url\":\"https:\/\/elektrotechnik-biedermann.de\/\",\"name\":\"Elektrotechnik Biedermann\",\"description\":\"Elektroinstallation Industrieanlagen, Geb\u00e4ude,  Privat\",\"publisher\":{\"@id\":\"https:\/\/elektrotechnik-biedermann.de\/#organization\"},\"potentialAction\":[{\"@type\":\"SearchAction\",\"target\":{\"@type\":\"EntryPoint\",\"urlTemplate\":\"https:\/\/elektrotechnik-biedermann.de\/?s={search_term_string}\"},\"query-input\":\"required name=search_term_string\"}],\"inLanguage\":\"de\"},{\"@type\":\"Organization\",\"@id\":\"https:\/\/elektrotechnik-biedermann.de\/#organization\",\"name\":\"Elektrotechnik Biedermann\",\"url\":\"https:\/\/elektrotechnik-biedermann.de\/\",\"sameAs\":[],\"logo\":{\"@type\":\"ImageObject\",\"inLanguage\":\"de\",\"@id\":\"https:\/\/elektrotechnik-biedermann.de\/#\/schema\/logo\/image\/\",\"url\":\"https:\/\/elektrotechnik-biedermann.de\/wp-content\/uploads\/2021\/07\/cropped-BiedermannElektroLogo_512-1.png\",\"contentUrl\":\"https:\/\/elektrotechnik-biedermann.de\/wp-content\/uploads\/2021\/07\/cropped-BiedermannElektroLogo_512-1.png\",\"width\":512,\"height\":279,\"caption\":\"Elektrotechnik Biedermann\"},\"image\":{\"@id\":\"https:\/\/elektrotechnik-biedermann.de\/#\/schema\/logo\/image\/\"}}]}<\/script>\n<!-- \/ Yoast SEO plugin. -->","yoast_head_json":{"title":"\u00dcber uns - Elektrotechnik Biedermann","robots":{"index":"index","follow":"follow","max-snippet":"max-snippet:-1","max-image-preview":"max-image-preview:large","max-video-preview":"max-video-preview:-1"},"canonical":"https:\/\/elektrotechnik-biedermann.de\/?page_id=18","og_locale":"de_DE","og_type":"article","og_title":"\u00dcber uns - Elektrotechnik Biedermann","og_description":"\u00dcber uns Firmenentwicklung 2010: Die Firma wurde gegr\u00fcndet von Michael Biedermann am 01.09.2010 2015: F\u00fcnfj\u00e4hriges bestehen unserer Firma mit 5 Teilzeitkr\u00e4ften und einer B\u00fcrokraft 2016: Unser Betrieb wird zum Ausbildungsbetrieb mit einem Lehrling 2020: Unser Lehrling wird zum Geselle, herzlichen Gl\u00fcckwunsch hierzu. September: 10 Jahre Elektrotechnik Biedermann. Leider mussten die Feierlichkeiten ausfallen.","og_url":"https:\/\/elektrotechnik-biedermann.de\/?page_id=18","og_site_name":"Elektrotechnik Biedermann","article_modified_time":"2021-10-19T09:28:19+00:00","twitter_card":"summary_large_image","twitter_misc":{"Gesch\u00e4tzte Lesezeit":"1\u00a0Minute"},"schema":{"@context":"https:\/\/schema.org","@graph":[{"@type":"WebPage","@id":"https:\/\/elektrotechnik-biedermann.de\/?page_id=18","url":"https:\/\/elektrotechnik-biedermann.de\/?page_id=18","name":"\u00dcber uns - Elektrotechnik Biedermann","isPartOf":{"@id":"https:\/\/elektrotechnik-biedermann.de\/#website"},"datePublished":"2021-07-28T09:30:04+00:00","dateModified":"2021-10-19T09:28:19+00:00","breadcrumb":{"@id":"https:\/\/elektrotechnik-biedermann.de\/?page_id=18#breadcrumb"},"inLanguage":"de","potentialAction":[{"@type":"ReadAction","target":["https:\/\/elektrotechnik-biedermann.de\/?page_id=18"]}]},{"@type":"BreadcrumbList","@id":"https:\/\/elektrotechnik-biedermann.de\/?page_id=18#breadcrumb","itemListElement":[{"@type":"ListItem","position":1,"name":"Startseite","item":"https:\/\/elektrotechnik-biedermann.de\/"},{"@type":"ListItem","position":2,"name":"Home","item":"https:\/\/elektrotechnik-biedermann.de\/"},{"@type":"ListItem","position":3,"name":"\u00dcber uns"}]},{"@type":"WebSite","@id":"https:\/\/elektrotechnik-biedermann.de\/#website","url":"https:\/\/elektrotechnik-biedermann.de\/","name":"Elektrotechnik Biedermann","description":"Elektroinstallation Industrieanlagen, Geb\u00e4ude,  Privat","publisher":{"@id":"https:\/\/elektrotechnik-biedermann.de\/#organization"},"potentialAction":[{"@type":"SearchAction","target":{"@type":"EntryPoint","urlTemplate":"https:\/\/elektrotechnik-biedermann.de\/?s={search_term_string}"},"query-input":"required name=search_term_string"}],"inLanguage":"de"},{"@type":"Organization","@id":"https:\/\/elektrotechnik-biedermann.de\/#organization","name":"Elektrotechnik Biedermann","url":"https:\/\/elektrotechnik-biedermann.de\/","sameAs":[],"logo":{"@type":"ImageObject","inLanguage":"de","@id":"https:\/\/elektrotechnik-biedermann.de\/#\/schema\/logo\/image\/","url":"https:\/\/elektrotechnik-biedermann.de\/wp-content\/uploads\/2021\/07\/cropped-BiedermannElektroLogo_512-1.png","contentUrl":"https:\/\/elektrotechnik-biedermann.de\/wp-content\/uploads\/2021\/07\/cropped-BiedermannElektroLogo_512-1.png","width":512,"height":279,"caption":"Elektrotechnik Biedermann"},"image":{"@id":"https:\/\/elektrotechnik-biedermann.de\/#\/schema\/logo\/image\/"}}]}},"_links":{"self":[{"href":"https:\/\/elektrotechnik-biedermann.de\/index.php?rest_route=\/wp\/v2\/pages\/18","targetHints":{"allow":["GET"]}}],"collection":[{"href":"https:\/\/elektrotechnik-biedermann.de\/index.php?rest_route=\/wp\/v2\/pages"}],"about":[{"href":"https:\/\/elektrotechnik-biedermann.de\/index.php?rest_route=\/wp\/v2\/types\/page"}],"author":[{"embeddable":true,"href":"https:\/\/elektrotechnik-biedermann.de\/index.php?rest_route=\/wp\/v2\/users\/1"}],"replies":[{"embeddable":true,"href":"https:\/\/elektrotechnik-biedermann.de\/index.php?rest_route=%2Fwp%2Fv2%2Fcomments&post=18"}],"version-history":[{"count":13,"href":"https:\/\/elektrotechnik-biedermann.de\/index.php?rest_route=\/wp\/v2\/pages\/18\/revisions"}],"predecessor-version":[{"id":534,"href":"https:\/\/elektrotechnik-biedermann.de\/index.php?rest_route=\/wp\/v2\/pages\/18\/revisions\/534"}],"up":[{"embeddable":true,"href":"https:\/\/elektrotechnik-biedermann.de\/index.php?rest_route=\/wp\/v2\/pages\/17"}],"wp:attachment":[{"href":"https:\/\/elektrotechnik-biedermann.de\/index.php?rest_route=%2Fwp%2Fv2%2Fmedia&parent=18"}],"curies":[{"name":"wp","href":"https:\/\/api.w.org\/{rel}","templated":true}]}}