{"id":3,"date":"2021-07-28T10:41:44","date_gmt":"2021-07-28T08:41:44","guid":{"rendered":"https:\/\/elektrotechnik-biedermann.de\/?page_id=3"},"modified":"2021-10-19T11:29:25","modified_gmt":"2021-10-19T09:29:25","slug":"datenschutzerklaerung","status":"publish","type":"page","link":"https:\/\/elektrotechnik-biedermann.de\/?page_id=3","title":{"rendered":"Datenschutzerkl\u00e4rung"},"content":{"rendered":"\t\t<div data-elementor-type=\"wp-page\" data-elementor-id=\"3\" class=\"elementor elementor-3\">\n\t\t\t\t\t\t\t\t\t<section class=\"elementor-section elementor-top-section elementor-element elementor-element-2983b488 elementor-section-boxed elementor-section-height-default elementor-section-height-default\" data-id=\"2983b488\" data-element_type=\"section\">\n\t\t\t\t\t\t<div class=\"elementor-container elementor-column-gap-default\">\n\t\t\t\t\t<div class=\"elementor-column elementor-col-100 elementor-top-column elementor-element elementor-element-766acc1e\" data-id=\"766acc1e\" data-element_type=\"column\">\n\t\t\t<div class=\"elementor-widget-wrap elementor-element-populated\">\n\t\t\t\t\t\t\t\t<div class=\"elementor-element elementor-element-45a8b62a elementor-widget elementor-widget-text-editor\" data-id=\"45a8b62a\" data-element_type=\"widget\" data-widget_type=\"text-editor.default\">\n\t\t\t\t<div class=\"elementor-widget-container\">\n\t\t\t<style>\/*! elementor - v3.7.8 - 02-10-2022 *\/\n.elementor-widget-text-editor.elementor-drop-cap-view-stacked .elementor-drop-cap{background-color:#818a91;color:#fff}.elementor-widget-text-editor.elementor-drop-cap-view-framed .elementor-drop-cap{color:#818a91;border:3px solid;background-color:transparent}.elementor-widget-text-editor:not(.elementor-drop-cap-view-default) .elementor-drop-cap{margin-top:8px}.elementor-widget-text-editor:not(.elementor-drop-cap-view-default) .elementor-drop-cap-letter{width:1em;height:1em}.elementor-widget-text-editor .elementor-drop-cap{float:left;text-align:center;line-height:1;font-size:50px}.elementor-widget-text-editor .elementor-drop-cap-letter{display:inline-block}<\/style>\t\t\t\t<p><!-- wp:heading --><\/p>\n<h2>Datenschutzerkl\u00e4rung<\/h2>\n<p>Datenschutzverantwortlicher: Michael Biedermann<br \/>e-Mail: <a href=\"mailto:info@elektrotechnik-biedermann.de\">info (at) elektrotechnik-biedermann.de<\/a><br \/>Fon: \u00a0 \u00a0\u00a0<span style=\"font-family: var( --e-global-typography-text-font-family ), Sans-serif;\">+(49) 7461 1408949<\/span><\/p>\n<p><b>Daten\u00fcbermittlung \/Datenprotokollierung<\/b><\/p>\n<p>Beim Besuch dieser Seite verzeichnet der Web-Server automatisch Log-Files, die keiner bestimmten Person zugeordnet werden k\u00f6nnen. Diese Daten beinhalten z. B. den Browsertyp und -version, verwendetes Betriebssystem, Referrer URL (die zuvor besuchte Seite), IP-Adresse des anfragenden Rechners, Zugriffsdatum und -uhrzeit der Serveranfrage und die Dateianfrage des Client (Dateiname und URL). Diese Daten werden nur zum Zweck der statistischen Auswertung gesammelt. Eine Weitergabe an Dritte, zu kommerziellen oder nichtkommerziellen Zwecken, findet nicht statt.<\/p>\n<p><b>Nutzung pers\u00f6nlicher Daten<\/b><\/p>\n<p>Auf dieser Website werden keine personenbezogene Daten und Informationen gespeichert, verarbeitet oder \u00fcbermittelt.<\/p>\n<p>Pers\u00f6nliche Daten werden nur erhoben oder verarbeitet, wenn Sie diese Angaben freiwillig, z.B. im Rahmen einer Anfrage mitteilen. Sofern keine erforderlichen Gr\u00fcnde im Zusammenhang mit einer Gesch\u00e4ftsabwicklung bestehen, k\u00f6nnen Sie jederzeit die zuvor erteilte Genehmigung Ihrer pers\u00f6nlichen Datenspeicherung mit sofortiger Wirkung schriftlich (z.B. per E-Mail) widerrufen. Ihre Daten werden nicht an Dritte weitergeben, es sei denn, eine Weitergabe ist aufgrund gesetzlicher Vorschriften erforderlich.<\/p>\n<p><b>Auskunft, \u00c4nderung und L\u00f6schung Ihrer Daten<\/b><\/p>\n<p>Gem\u00e4\u00df geltendem Recht k\u00f6nnen Sie jederzeit bei uns schriftlich nachfragen, ob und welche personenbezogenen Daten bei uns \u00fcber Sie gespeichert sind. Eine entsprechende Mitteilung hierzu erhalten Sie umgehend.<\/p>\n<p><b>Sicherheit Ihrer Daten<\/b><\/p>\n<p>Ihre uns zur Verf\u00fcgung gestellten pers\u00f6nlichen Daten werden durch Ergreifung aller technischen sowie organisatorischen Sicherheitsma\u00dfnahmen so gesichert, dass sie f\u00fcr den Zugriff unberechtigter Dritter unzug\u00e4nglich sind. Bei Versendung von sehr sensiblen Daten oder Informationen ist es empfehlenswert, den Postweg zu nutzen, da eine vollst\u00e4ndige Datensicherheit per E-Mail nicht gew\u00e4hrleistet werden kann.<\/p>\n<p><b>Analytische Daten und Cookies<\/b><\/p>\n<p>Unsere Website www.v-art.de verwendet keine Analysetools wie z. B google analytics, piwik etc.<\/p>\n<p>Link zur allgemeinen Deaktivierung von Google Analytics im Browser.:<\/p>\n<p><a href=\"https:\/\/tools.google.com\/dlpage\/gaoptout?hl=de\" target=\"_blank\" rel=\"noopener noreferrer\">https:\/\/tools.google.com\/dlpage\/gaoptout?hl=de<\/a><\/p>\n<p>Somit wird ausgeschlossen, dass personenbezogene Daten und Informationen gespeichert, \u00fcbermittelt und verarbeitet werden. Entsprechende Cookies werden nicht verwendet. Session-bezogene Cookies, wie z.B. die Best\u00e4tigung der Cookie-Meldung auf der Homeseite, werden nur kurzzeitig verwendet.<\/p>\n<h2>\u00a0<\/h2>\n<p><strong>Wie k\u00f6nnen Cookies akzeptiert oder abgelehnt werden?<\/strong><\/p>\n<p>Bei den meisten Browsern k\u00f6nnen Sie Ihre Cookies-Einstellungen Ihren Vorlieben entsprechend \u00e4ndern. Sie k\u00f6nnen Ihren Browser nutzen, um bestimmte Cookies abzulehnen oder zu l\u00f6schen. Im Allgemeinen k\u00f6nnen Sie auch \u00e4hnliche Technologien auf diese Weise verwalten, indem Sie Ihre bevorzugten Browser verwenden.<\/p>\n<p>Auf den folgenden Links sehen Sie, wie Sie Cookies-Einstellungen in den verschiedenen Browsern verwalten:<\/p>\n<p><a href=\"http:\/\/windows.microsoft.com\/de-CH\/windows-vista\/Block-or-allow-cookies\" target=\"_blank\" rel=\"noopener noreferrer\">Wenn Sie Internet Explorer nutzen<\/a><\/p>\n<p><a href=\"https:\/\/support.mozilla.org\/de\/kb\/cookies-erlauben-und-ablehnen\" target=\"_blank\" rel=\"noopener noreferrer\">Wenn Sie Firefox nutzen<\/a><\/p>\n<p><a href=\"https:\/\/support.google.com\/chrome\/answer\/95647?hl=de\" target=\"_blank\" rel=\"noopener noreferrer\">Wenn Sie Google Chrome nutzen<\/a><\/p>\n<p><a href=\"https:\/\/support.apple.com\/kb\/PH19214?viewlocale=de_DE&amp;locale=fr_CH\" target=\"_blank\" rel=\"noopener noreferrer\">Wenn Sie Safari nutzen<\/a><\/p>\n<p><a href=\"https:\/\/support.apple.com\/kb\/PH19214?viewlocale=de_DE&amp;locale=fr_CH\" target=\"_blank\" rel=\"noopener noreferrer\">https:\/\/support.apple.com\/kb\/PH19214?viewlocale=de_DE&amp;locale=fr_CH<\/a><\/p>\n<p><b>Datenschutzerkl\u00e4rung f\u00fcr die Nutzung von Facebook<\/b><\/p>\n<p>Auf unserer Website sind zudem Verweise (Links) auf das externe soziale Netzwerk Facebook enthalten. Dieser Internetauftritt wird ausschlie\u00dflich von der Facebook Inc., 1601 S. California Ave, Palo Alto, CA 94304, USA (Facebook) betrieben. Die Verweise sind im Rahmen unseres Internetauftritts durch das Facebook Logo oder den Zusatz \u201eEmpfehlen\u201d kenntlich gemacht (es werden keine Facebook-Plugin genutzt). Wird diesen Verweisen durch einen Klick gefolgt, werden die Facebook-Plugins aktiviert und Ihr Browser stellt eine direkte Verbindung mit den Servern von Facebook her. Sofern Sie w\u00e4hrend des Besuchs unserer Website den Verweisen folgen und \u00fcber Ihr pers\u00f6nliches Benutzerkonto bei Facebook eingeloggt sind, wird die Information, dass Sie unsere Website besucht haben, an Facebook weitergeleitet. Den Besuch der Website kann Facebook ihrem Konto zuordnen. Diese Informationen werden an Facebook \u00fcbermittelt und dort gespeichert. Um dies zu verhindern m\u00fcssen Sie sich vor dem Klick auf den Verweis aus Ihrem Facebook-Account ausloggen. Die den Verweisen von Facebook zugewiesenen Funktionen, insbesondere die \u00dcbermittlung von Informationen und Nutzerdaten, werden nicht bereits durch das Besuchen unserer Website aktiv, sondern erst durch den Klick auf die entsprechenden Verweise. Zweck und Umfang der Datenerhebung durch Facebook sowie die dortige weitere Verarbeitung und Nutzung Ihrer Daten wie auch Ihre diesbez\u00fcglichen Rechte und Einstellungsm\u00f6glichkeiten zum Schutz Ihrer Privatssph\u00e4re entnehmen Sie bitte den Datenschutzhinweisen von Facebook (http:\/\/de-de.facebook.com\/privacy\/explanation.php).<\/p>\n<p><b>Datenschutzerkl\u00e4rung f\u00fcr die Nutzung von Xing<\/b><\/p>\n<p>Auf dieser Internetseite wird der &#8222;XING Share-Button&#8220; eingesetzt. Beim Klick auf den &#8222;XING Share-Button&#8220;\u00a0 auf dieser Internetseite wird \u00fcber Ihren Browser kurzfristig eine Verbindung zu Servern der XING AG (&#8222;XING&#8220;) aufgebaut, mit denen die &#8222;XING Share-Button&#8220;-Funktionen (insbesondere die Berechnung\/Anzeige des Z\u00e4hlerwerts) erbracht werden. XING speichert keine personenbezogenen Daten von Ihnen \u00fcber den Aufruf dieser Internetseite. XING speichert insbesondere keine IP-Adressen. Es findet auch keine Auswertung Ihres Nutzungsverhaltens \u00fcber die Verwendung von Cookies im Zusammenhang mit dem &#8222;XING Share-Button&#8220; statt. Die jeweils aktuellen Datenschutzinformationen zum &#8222;XING Share-Button&#8220; und erg\u00e4nzende Informationen k\u00f6nnen Sie auf dieser Internetseite abrufen:<\/p>\n<p><a href=\"https:\/\/www.xing.com\/app\/share?op=data_protection\" target=\"_blank\" rel=\"noopener noreferrer\">https:\/\/www.xing.com\/app\/share?op=data_protection<\/a><\/p>\n<p><!-- \/wp:heading --><\/p>\t\t\t\t\t\t<\/div>\n\t\t\t\t<\/div>\n\t\t\t\t\t<\/div>\n\t\t<\/div>\n\t\t\t\t\t\t\t<\/div>\n\t\t<\/section>\n\t\t\t\t\t\t\t<\/div>\n\t\t","protected":false},"excerpt":{"rendered":"<p>Datenschutzerkl\u00e4rung Datenschutzverantwortlicher: Michael Biedermanne-Mail: info (at) elektrotechnik-biedermann.deFon: \u00a0 \u00a0\u00a0+(49) 7461 1408949 Daten\u00fcbermittlung \/Datenprotokollierung Beim Besuch dieser Seite verzeichnet der Web-Server automatisch Log-Files, die keiner bestimmten Person zugeordnet werden k\u00f6nnen. Diese Daten beinhalten z. B. den Browsertyp und -version, verwendetes Betriebssystem, Referrer URL (die zuvor besuchte Seite), IP-Adresse des anfragenden Rechners, Zugriffsdatum und -uhrzeit der Serveranfrage &hellip;<\/p>\n<p class=\"read-more\"> <a class=\"\" href=\"https:\/\/elektrotechnik-biedermann.de\/?page_id=3\"> <span class=\"screen-reader-text\">Datenschutzerkl\u00e4rung<\/span> Weiterlesen &raquo;<\/a><\/p>\n","protected":false},"author":1,"featured_media":0,"parent":17,"menu_order":0,"comment_status":"closed","ping_status":"closed","template":"","meta":{"site-sidebar-layout":"no-sidebar","site-content-layout":"default","ast-global-header-display":"","ast-main-header-display":"","ast-hfb-above-header-display":"","ast-hfb-below-header-display":"","ast-hfb-mobile-header-display":"","site-post-title":"disabled","ast-breadcrumbs-content":"","ast-featured-img":"","footer-sml-layout":"","theme-transparent-header-meta":"default","adv-header-id-meta":"","stick-header-meta":"","header-above-stick-meta":"","header-main-stick-meta":"","header-below-stick-meta":"","footnotes":""},"class_list":["post-3","page","type-page","status-publish","hentry"],"yoast_head":"<!-- This site is optimized with the Yoast SEO plugin v19.7.1 - https:\/\/yoast.com\/wordpress\/plugins\/seo\/ -->\n<title>Datenschutzerkl\u00e4rung - Elektrotechnik Biedermann<\/title>\n<meta name=\"description\" content=\"Elektrotechnik Biedermann - Elektrohandwerk f\u00fcr den Kreis Tuttlingen, Rottweil, Konstanz und Villingen-Schwenningen\" \/>\n<meta name=\"robots\" content=\"index, follow, max-snippet:-1, max-image-preview:large, max-video-preview:-1\" \/>\n<link rel=\"canonical\" href=\"https:\/\/elektrotechnik-biedermann.de\/?page_id=3\" \/>\n<meta property=\"og:locale\" content=\"de_DE\" \/>\n<meta property=\"og:type\" content=\"article\" \/>\n<meta property=\"og:title\" content=\"Datenschutzerkl\u00e4rung - Elektrotechnik Biedermann\" \/>\n<meta property=\"og:description\" content=\"Elektrotechnik Biedermann - Elektrohandwerk f\u00fcr den Kreis Tuttlingen, Rottweil, Konstanz und Villingen-Schwenningen\" \/>\n<meta property=\"og:url\" content=\"https:\/\/elektrotechnik-biedermann.de\/?page_id=3\" \/>\n<meta property=\"og:site_name\" content=\"Elektrotechnik Biedermann\" \/>\n<meta property=\"article:modified_time\" content=\"2021-10-19T09:29:25+00:00\" \/>\n<meta name=\"twitter:card\" content=\"summary_large_image\" \/>\n<meta name=\"twitter:label1\" content=\"Gesch\u00e4tzte Lesezeit\" \/>\n\t<meta name=\"twitter:data1\" content=\"4\u00a0Minuten\" \/>\n<script type=\"application\/ld+json\" class=\"yoast-schema-graph\">{\"@context\":\"https:\/\/schema.org\",\"@graph\":[{\"@type\":\"WebPage\",\"@id\":\"https:\/\/elektrotechnik-biedermann.de\/?page_id=3\",\"url\":\"https:\/\/elektrotechnik-biedermann.de\/?page_id=3\",\"name\":\"Datenschutzerkl\u00e4rung - Elektrotechnik Biedermann\",\"isPartOf\":{\"@id\":\"https:\/\/elektrotechnik-biedermann.de\/#website\"},\"datePublished\":\"2021-07-28T08:41:44+00:00\",\"dateModified\":\"2021-10-19T09:29:25+00:00\",\"description\":\"Elektrotechnik Biedermann - Elektrohandwerk f\u00fcr den Kreis Tuttlingen, Rottweil, Konstanz und Villingen-Schwenningen\",\"breadcrumb\":{\"@id\":\"https:\/\/elektrotechnik-biedermann.de\/?page_id=3#breadcrumb\"},\"inLanguage\":\"de\",\"potentialAction\":[{\"@type\":\"ReadAction\",\"target\":[\"https:\/\/elektrotechnik-biedermann.de\/?page_id=3\"]}]},{\"@type\":\"BreadcrumbList\",\"@id\":\"https:\/\/elektrotechnik-biedermann.de\/?page_id=3#breadcrumb\",\"itemListElement\":[{\"@type\":\"ListItem\",\"position\":1,\"name\":\"Startseite\",\"item\":\"https:\/\/elektrotechnik-biedermann.de\/\"},{\"@type\":\"ListItem\",\"position\":2,\"name\":\"Home\",\"item\":\"https:\/\/elektrotechnik-biedermann.de\/\"},{\"@type\":\"ListItem\",\"position\":3,\"name\":\"Datenschutzerkl\u00e4rung\"}]},{\"@type\":\"WebSite\",\"@id\":\"https:\/\/elektrotechnik-biedermann.de\/#website\",\"url\":\"https:\/\/elektrotechnik-biedermann.de\/\",\"name\":\"Elektrotechnik Biedermann\",\"description\":\"Elektroinstallation Industrieanlagen, Geb\u00e4ude,  Privat\",\"publisher\":{\"@id\":\"https:\/\/elektrotechnik-biedermann.de\/#organization\"},\"potentialAction\":[{\"@type\":\"SearchAction\",\"target\":{\"@type\":\"EntryPoint\",\"urlTemplate\":\"https:\/\/elektrotechnik-biedermann.de\/?s={search_term_string}\"},\"query-input\":\"required name=search_term_string\"}],\"inLanguage\":\"de\"},{\"@type\":\"Organization\",\"@id\":\"https:\/\/elektrotechnik-biedermann.de\/#organization\",\"name\":\"Elektrotechnik Biedermann\",\"url\":\"https:\/\/elektrotechnik-biedermann.de\/\",\"sameAs\":[],\"logo\":{\"@type\":\"ImageObject\",\"inLanguage\":\"de\",\"@id\":\"https:\/\/elektrotechnik-biedermann.de\/#\/schema\/logo\/image\/\",\"url\":\"https:\/\/elektrotechnik-biedermann.de\/wp-content\/uploads\/2021\/07\/cropped-BiedermannElektroLogo_512-1.png\",\"contentUrl\":\"https:\/\/elektrotechnik-biedermann.de\/wp-content\/uploads\/2021\/07\/cropped-BiedermannElektroLogo_512-1.png\",\"width\":512,\"height\":279,\"caption\":\"Elektrotechnik Biedermann\"},\"image\":{\"@id\":\"https:\/\/elektrotechnik-biedermann.de\/#\/schema\/logo\/image\/\"}}]}<\/script>\n<!-- \/ Yoast SEO plugin. -->","yoast_head_json":{"title":"Datenschutzerkl\u00e4rung - Elektrotechnik Biedermann","description":"Elektrotechnik Biedermann - Elektrohandwerk f\u00fcr den Kreis Tuttlingen, Rottweil, Konstanz und Villingen-Schwenningen","robots":{"index":"index","follow":"follow","max-snippet":"max-snippet:-1","max-image-preview":"max-image-preview:large","max-video-preview":"max-video-preview:-1"},"canonical":"https:\/\/elektrotechnik-biedermann.de\/?page_id=3","og_locale":"de_DE","og_type":"article","og_title":"Datenschutzerkl\u00e4rung - Elektrotechnik Biedermann","og_description":"Elektrotechnik Biedermann - Elektrohandwerk f\u00fcr den Kreis Tuttlingen, Rottweil, Konstanz und Villingen-Schwenningen","og_url":"https:\/\/elektrotechnik-biedermann.de\/?page_id=3","og_site_name":"Elektrotechnik Biedermann","article_modified_time":"2021-10-19T09:29:25+00:00","twitter_card":"summary_large_image","twitter_misc":{"Gesch\u00e4tzte Lesezeit":"4\u00a0Minuten"},"schema":{"@context":"https:\/\/schema.org","@graph":[{"@type":"WebPage","@id":"https:\/\/elektrotechnik-biedermann.de\/?page_id=3","url":"https:\/\/elektrotechnik-biedermann.de\/?page_id=3","name":"Datenschutzerkl\u00e4rung - Elektrotechnik Biedermann","isPartOf":{"@id":"https:\/\/elektrotechnik-biedermann.de\/#website"},"datePublished":"2021-07-28T08:41:44+00:00","dateModified":"2021-10-19T09:29:25+00:00","description":"Elektrotechnik Biedermann - Elektrohandwerk f\u00fcr den Kreis Tuttlingen, Rottweil, Konstanz und Villingen-Schwenningen","breadcrumb":{"@id":"https:\/\/elektrotechnik-biedermann.de\/?page_id=3#breadcrumb"},"inLanguage":"de","potentialAction":[{"@type":"ReadAction","target":["https:\/\/elektrotechnik-biedermann.de\/?page_id=3"]}]},{"@type":"BreadcrumbList","@id":"https:\/\/elektrotechnik-biedermann.de\/?page_id=3#breadcrumb","itemListElement":[{"@type":"ListItem","position":1,"name":"Startseite","item":"https:\/\/elektrotechnik-biedermann.de\/"},{"@type":"ListItem","position":2,"name":"Home","item":"https:\/\/elektrotechnik-biedermann.de\/"},{"@type":"ListItem","position":3,"name":"Datenschutzerkl\u00e4rung"}]},{"@type":"WebSite","@id":"https:\/\/elektrotechnik-biedermann.de\/#website","url":"https:\/\/elektrotechnik-biedermann.de\/","name":"Elektrotechnik Biedermann","description":"Elektroinstallation Industrieanlagen, Geb\u00e4ude,  Privat","publisher":{"@id":"https:\/\/elektrotechnik-biedermann.de\/#organization"},"potentialAction":[{"@type":"SearchAction","target":{"@type":"EntryPoint","urlTemplate":"https:\/\/elektrotechnik-biedermann.de\/?s={search_term_string}"},"query-input":"required name=search_term_string"}],"inLanguage":"de"},{"@type":"Organization","@id":"https:\/\/elektrotechnik-biedermann.de\/#organization","name":"Elektrotechnik Biedermann","url":"https:\/\/elektrotechnik-biedermann.de\/","sameAs":[],"logo":{"@type":"ImageObject","inLanguage":"de","@id":"https:\/\/elektrotechnik-biedermann.de\/#\/schema\/logo\/image\/","url":"https:\/\/elektrotechnik-biedermann.de\/wp-content\/uploads\/2021\/07\/cropped-BiedermannElektroLogo_512-1.png","contentUrl":"https:\/\/elektrotechnik-biedermann.de\/wp-content\/uploads\/2021\/07\/cropped-BiedermannElektroLogo_512-1.png","width":512,"height":279,"caption":"Elektrotechnik Biedermann"},"image":{"@id":"https:\/\/elektrotechnik-biedermann.de\/#\/schema\/logo\/image\/"}}]}},"_links":{"self":[{"href":"https:\/\/elektrotechnik-biedermann.de\/index.php?rest_route=\/wp\/v2\/pages\/3","targetHints":{"allow":["GET"]}}],"collection":[{"href":"https:\/\/elektrotechnik-biedermann.de\/index.php?rest_route=\/wp\/v2\/pages"}],"about":[{"href":"https:\/\/elektrotechnik-biedermann.de\/index.php?rest_route=\/wp\/v2\/types\/page"}],"author":[{"embeddable":true,"href":"https:\/\/elektrotechnik-biedermann.de\/index.php?rest_route=\/wp\/v2\/users\/1"}],"replies":[{"embeddable":true,"href":"https:\/\/elektrotechnik-biedermann.de\/index.php?rest_route=%2Fwp%2Fv2%2Fcomments&post=3"}],"version-history":[{"count":8,"href":"https:\/\/elektrotechnik-biedermann.de\/index.php?rest_route=\/wp\/v2\/pages\/3\/revisions"}],"predecessor-version":[{"id":282,"href":"https:\/\/elektrotechnik-biedermann.de\/index.php?rest_route=\/wp\/v2\/pages\/3\/revisions\/282"}],"up":[{"embeddable":true,"href":"https:\/\/elektrotechnik-biedermann.de\/index.php?rest_route=\/wp\/v2\/pages\/17"}],"wp:attachment":[{"href":"https:\/\/elektrotechnik-biedermann.de\/index.php?rest_route=%2Fwp%2Fv2%2Fmedia&parent=3"}],"curies":[{"name":"wp","href":"https:\/\/api.w.org\/{rel}","templated":true}]}}