{"id":46,"date":"2021-07-28T14:10:23","date_gmt":"2021-07-28T12:10:23","guid":{"rendered":"https:\/\/elektrotechnik-biedermann.de\/?page_id=46"},"modified":"2021-10-19T11:29:49","modified_gmt":"2021-10-19T09:29:49","slug":"impressum","status":"publish","type":"page","link":"https:\/\/elektrotechnik-biedermann.de\/?page_id=46","title":{"rendered":"Impressum"},"content":{"rendered":"\t\t<div data-elementor-type=\"wp-page\" data-elementor-id=\"46\" class=\"elementor elementor-46\">\n\t\t\t\t\t\t\t\t\t<section class=\"elementor-section elementor-top-section elementor-element elementor-element-e43a806 elementor-section-boxed elementor-section-height-default elementor-section-height-default\" data-id=\"e43a806\" data-element_type=\"section\">\n\t\t\t\t\t\t<div class=\"elementor-container elementor-column-gap-default\">\n\t\t\t\t\t<div class=\"elementor-column elementor-col-100 elementor-top-column elementor-element elementor-element-8128f73\" data-id=\"8128f73\" data-element_type=\"column\">\n\t\t\t<div class=\"elementor-widget-wrap elementor-element-populated\">\n\t\t\t\t\t\t\t\t<div class=\"elementor-element elementor-element-69987f4 elementor-widget elementor-widget-heading\" data-id=\"69987f4\" data-element_type=\"widget\" data-widget_type=\"heading.default\">\n\t\t\t\t<div class=\"elementor-widget-container\">\n\t\t\t<style>\/*! elementor - v3.7.8 - 02-10-2022 *\/\n.elementor-heading-title{padding:0;margin:0;line-height:1}.elementor-widget-heading .elementor-heading-title[class*=elementor-size-]>a{color:inherit;font-size:inherit;line-height:inherit}.elementor-widget-heading .elementor-heading-title.elementor-size-small{font-size:15px}.elementor-widget-heading .elementor-heading-title.elementor-size-medium{font-size:19px}.elementor-widget-heading .elementor-heading-title.elementor-size-large{font-size:29px}.elementor-widget-heading .elementor-heading-title.elementor-size-xl{font-size:39px}.elementor-widget-heading .elementor-heading-title.elementor-size-xxl{font-size:59px}<\/style><h2 class=\"elementor-heading-title elementor-size-default\">Impressum<\/h2>\t\t<\/div>\n\t\t\t\t<\/div>\n\t\t\t\t\t<\/div>\n\t\t<\/div>\n\t\t\t\t\t\t\t<\/div>\n\t\t<\/section>\n\t\t\t\t<section class=\"elementor-section elementor-top-section elementor-element elementor-element-9f88dd8 elementor-section-boxed elementor-section-height-default elementor-section-height-default\" data-id=\"9f88dd8\" data-element_type=\"section\">\n\t\t\t\t\t\t<div class=\"elementor-container elementor-column-gap-default\">\n\t\t\t\t\t<div class=\"elementor-column elementor-col-100 elementor-top-column elementor-element elementor-element-22c031b\" data-id=\"22c031b\" data-element_type=\"column\">\n\t\t\t<div class=\"elementor-widget-wrap elementor-element-populated\">\n\t\t\t\t\t\t\t\t<div class=\"elementor-element elementor-element-bb78e54 elementor-widget elementor-widget-text-editor\" data-id=\"bb78e54\" data-element_type=\"widget\" data-widget_type=\"text-editor.default\">\n\t\t\t\t<div class=\"elementor-widget-container\">\n\t\t\t<style>\/*! elementor - v3.7.8 - 02-10-2022 *\/\n.elementor-widget-text-editor.elementor-drop-cap-view-stacked .elementor-drop-cap{background-color:#818a91;color:#fff}.elementor-widget-text-editor.elementor-drop-cap-view-framed .elementor-drop-cap{color:#818a91;border:3px solid;background-color:transparent}.elementor-widget-text-editor:not(.elementor-drop-cap-view-default) .elementor-drop-cap{margin-top:8px}.elementor-widget-text-editor:not(.elementor-drop-cap-view-default) .elementor-drop-cap-letter{width:1em;height:1em}.elementor-widget-text-editor .elementor-drop-cap{float:left;text-align:center;line-height:1;font-size:50px}.elementor-widget-text-editor .elementor-drop-cap-letter{display:inline-block}<\/style>\t\t\t\t<div id=\"c2149\" class=\"csc-default\"><p class=\"bodytext\"><b>Elektrotechnik Biedermann<br \/>Michael Biedermann<\/b><\/p><p class=\"bodytext\">Eisenbahnstr. 8<br \/>78573 Wurmlingen<br \/>Fon: +(49) 7461 1408949<\/p><p class=\"bodytext\">Vertreten durch: Michael Biedermann<br \/><a href=\"https:\/\/www.elektrotechnik-biedermann.de\">www.elektrotechnik-biedermann.de<\/a><\/p><p class=\"bodytext\">e-Mail: <a href=\"mailto:info@etrotechnik-biedermann.de\">info@etrotechnik-biedermann.de<\/a><\/p><p class=\"bodytext\">USt-Ident Nr.: DE267308076<\/p><\/div><div id=\"c2148\" class=\"csc-default\"><div class=\"csc-textpic-text\"><p>Gerichtssprache: deutsch<\/p><p class=\"bodytext\">Datenschutzbeauftragter: Michael Biedermann<\/p><p class=\"bodytext\"><b>Haftungsauschlu\u00df: Urheberrecht<\/b><\/p><p class=\"bodytext\">Alle Inhalte dieser Website einschlie\u00dflich der Gestaltung und Programmierung unterliegen dem Urheberrecht (Copyright). Alle Rechte vorbehalten, alle Angaben ohne Gew\u00e4hr, \u00c4nderungen vorbehalten. Die Verwendung von Text- und Bildmaterial ist nur mit ausdr\u00fccklicher Genehmigung zul\u00e4ssig. Sofern diese Website Links zu Websites in anderen Verantwortungsbereichen enth\u00e4lt, distanzieren wir uns ausdr\u00fccklich von deren Inhalt.<\/p><p class=\"bodytext\">Haftung f\u00fcr Links<\/p><p class=\"bodytext\">Mit dem Urteil vom 12. September 1999 \u2013 312 O 85\/99 \u00ad \u2018Haftung f\u00fcr Links\u2019 \u00ad hat das Landgericht Hamburg entschieden, da\u00df man durch die Ausbringung eines Links die Inhalte der gelinkten Seite ggf. mit zu verantworten hat. Dieses kann \u2013 so das LG \u2013 nur dadurch verhindert werden, da\u00df man sich ausdr\u00fccklich von diesen Inhalten distanziert. Hiermit distanzieren wir uns ausdr\u00fccklich von allen Inhalten verlinkter Seiten oder Grafiken und machen uns diese keinesfalls zu eigen. S\u00e4mtliche Verst\u00f6\u00dfe gegen geltendes Recht, Sitte oder Moral, welche uns bekannt werden, haben sofortige L\u00f6schung von Links, Eintr\u00e4gen, Grafiken oder \u00e4hnlichem zur Folge.<\/p><\/div><\/div>\t\t\t\t\t\t<\/div>\n\t\t\t\t<\/div>\n\t\t\t\t\t<\/div>\n\t\t<\/div>\n\t\t\t\t\t\t\t<\/div>\n\t\t<\/section>\n\t\t\t\t\t\t\t<\/div>\n\t\t","protected":false},"excerpt":{"rendered":"<p>Impressum Elektrotechnik Biedermann Michael Biedermann Eisenbahnstr. 8 78573 Wurmlingen Fon: +(49) 7461 1408949 Vertreten durch: Michael Biedermann www.elektrotechnik-biedermann.de e-Mail: info@etrotechnik-biedermann.de USt-Ident Nr.: DE267308076 Gerichtssprache: deutsch Datenschutzbeauftragter: Michael Biedermann Haftungsauschlu\u00df: Urheberrecht Alle Inhalte dieser Website einschlie\u00dflich der Gestaltung und Programmierung unterliegen dem Urheberrecht (Copyright). Alle Rechte vorbehalten, alle Angaben ohne Gew\u00e4hr, \u00c4nderungen vorbehalten. Die Verwendung von &hellip;<\/p>\n<p class=\"read-more\"> <a class=\"\" href=\"https:\/\/elektrotechnik-biedermann.de\/?page_id=46\"> <span class=\"screen-reader-text\">Impressum<\/span> Weiterlesen &raquo;<\/a><\/p>\n","protected":false},"author":1,"featured_media":0,"parent":17,"menu_order":0,"comment_status":"closed","ping_status":"closed","template":"","meta":{"site-sidebar-layout":"no-sidebar","site-content-layout":"default","ast-global-header-display":"","ast-main-header-display":"","ast-hfb-above-header-display":"","ast-hfb-below-header-display":"","ast-hfb-mobile-header-display":"","site-post-title":"disabled","ast-breadcrumbs-content":"","ast-featured-img":"","footer-sml-layout":"","theme-transparent-header-meta":"default","adv-header-id-meta":"","stick-header-meta":"","header-above-stick-meta":"","header-main-stick-meta":"","header-below-stick-meta":"","footnotes":""},"class_list":["post-46","page","type-page","status-publish","hentry"],"yoast_head":"<!-- This site is optimized with the Yoast SEO plugin v19.7.1 - https:\/\/yoast.com\/wordpress\/plugins\/seo\/ -->\n<title>Impressum - Elektrotechnik Biedermann<\/title>\n<meta name=\"description\" content=\"Elektrotechnik Biedermann - Elektriker-Handwerk aus Wurmlingen f\u00fcr die Industrie, Privathaushalt, KNX Programmierung und Lichtgestalltung\" \/>\n<meta name=\"robots\" content=\"index, follow, max-snippet:-1, max-image-preview:large, max-video-preview:-1\" \/>\n<link rel=\"canonical\" href=\"https:\/\/elektrotechnik-biedermann.de\/?page_id=46\" \/>\n<meta property=\"og:locale\" content=\"de_DE\" \/>\n<meta property=\"og:type\" content=\"article\" \/>\n<meta property=\"og:title\" content=\"Impressum - Elektrotechnik Biedermann\" \/>\n<meta property=\"og:description\" content=\"Elektrotechnik Biedermann - Elektriker-Handwerk aus Wurmlingen f\u00fcr die Industrie, Privathaushalt, KNX Programmierung und Lichtgestalltung\" \/>\n<meta property=\"og:url\" content=\"https:\/\/elektrotechnik-biedermann.de\/?page_id=46\" \/>\n<meta property=\"og:site_name\" content=\"Elektrotechnik Biedermann\" \/>\n<meta property=\"article:modified_time\" content=\"2021-10-19T09:29:49+00:00\" \/>\n<meta name=\"twitter:card\" content=\"summary_large_image\" \/>\n<meta name=\"twitter:label1\" content=\"Gesch\u00e4tzte Lesezeit\" \/>\n\t<meta name=\"twitter:data1\" content=\"1\u00a0Minute\" \/>\n<script type=\"application\/ld+json\" class=\"yoast-schema-graph\">{\"@context\":\"https:\/\/schema.org\",\"@graph\":[{\"@type\":\"WebPage\",\"@id\":\"https:\/\/elektrotechnik-biedermann.de\/?page_id=46\",\"url\":\"https:\/\/elektrotechnik-biedermann.de\/?page_id=46\",\"name\":\"Impressum - Elektrotechnik Biedermann\",\"isPartOf\":{\"@id\":\"https:\/\/elektrotechnik-biedermann.de\/#website\"},\"datePublished\":\"2021-07-28T12:10:23+00:00\",\"dateModified\":\"2021-10-19T09:29:49+00:00\",\"description\":\"Elektrotechnik Biedermann - Elektriker-Handwerk aus Wurmlingen f\u00fcr die Industrie, Privathaushalt, KNX Programmierung und Lichtgestalltung\",\"breadcrumb\":{\"@id\":\"https:\/\/elektrotechnik-biedermann.de\/?page_id=46#breadcrumb\"},\"inLanguage\":\"de\",\"potentialAction\":[{\"@type\":\"ReadAction\",\"target\":[\"https:\/\/elektrotechnik-biedermann.de\/?page_id=46\"]}]},{\"@type\":\"BreadcrumbList\",\"@id\":\"https:\/\/elektrotechnik-biedermann.de\/?page_id=46#breadcrumb\",\"itemListElement\":[{\"@type\":\"ListItem\",\"position\":1,\"name\":\"Startseite\",\"item\":\"https:\/\/elektrotechnik-biedermann.de\/\"},{\"@type\":\"ListItem\",\"position\":2,\"name\":\"Home\",\"item\":\"https:\/\/elektrotechnik-biedermann.de\/\"},{\"@type\":\"ListItem\",\"position\":3,\"name\":\"Impressum\"}]},{\"@type\":\"WebSite\",\"@id\":\"https:\/\/elektrotechnik-biedermann.de\/#website\",\"url\":\"https:\/\/elektrotechnik-biedermann.de\/\",\"name\":\"Elektrotechnik Biedermann\",\"description\":\"Elektroinstallation Industrieanlagen, Geb\u00e4ude,  Privat\",\"publisher\":{\"@id\":\"https:\/\/elektrotechnik-biedermann.de\/#organization\"},\"potentialAction\":[{\"@type\":\"SearchAction\",\"target\":{\"@type\":\"EntryPoint\",\"urlTemplate\":\"https:\/\/elektrotechnik-biedermann.de\/?s={search_term_string}\"},\"query-input\":\"required name=search_term_string\"}],\"inLanguage\":\"de\"},{\"@type\":\"Organization\",\"@id\":\"https:\/\/elektrotechnik-biedermann.de\/#organization\",\"name\":\"Elektrotechnik Biedermann\",\"url\":\"https:\/\/elektrotechnik-biedermann.de\/\",\"sameAs\":[],\"logo\":{\"@type\":\"ImageObject\",\"inLanguage\":\"de\",\"@id\":\"https:\/\/elektrotechnik-biedermann.de\/#\/schema\/logo\/image\/\",\"url\":\"https:\/\/elektrotechnik-biedermann.de\/wp-content\/uploads\/2021\/07\/cropped-BiedermannElektroLogo_512-1.png\",\"contentUrl\":\"https:\/\/elektrotechnik-biedermann.de\/wp-content\/uploads\/2021\/07\/cropped-BiedermannElektroLogo_512-1.png\",\"width\":512,\"height\":279,\"caption\":\"Elektrotechnik Biedermann\"},\"image\":{\"@id\":\"https:\/\/elektrotechnik-biedermann.de\/#\/schema\/logo\/image\/\"}}]}<\/script>\n<!-- \/ Yoast SEO plugin. -->","yoast_head_json":{"title":"Impressum - Elektrotechnik Biedermann","description":"Elektrotechnik Biedermann - Elektriker-Handwerk aus Wurmlingen f\u00fcr die Industrie, Privathaushalt, KNX Programmierung und Lichtgestalltung","robots":{"index":"index","follow":"follow","max-snippet":"max-snippet:-1","max-image-preview":"max-image-preview:large","max-video-preview":"max-video-preview:-1"},"canonical":"https:\/\/elektrotechnik-biedermann.de\/?page_id=46","og_locale":"de_DE","og_type":"article","og_title":"Impressum - Elektrotechnik Biedermann","og_description":"Elektrotechnik Biedermann - Elektriker-Handwerk aus Wurmlingen f\u00fcr die Industrie, Privathaushalt, KNX Programmierung und Lichtgestalltung","og_url":"https:\/\/elektrotechnik-biedermann.de\/?page_id=46","og_site_name":"Elektrotechnik Biedermann","article_modified_time":"2021-10-19T09:29:49+00:00","twitter_card":"summary_large_image","twitter_misc":{"Gesch\u00e4tzte Lesezeit":"1\u00a0Minute"},"schema":{"@context":"https:\/\/schema.org","@graph":[{"@type":"WebPage","@id":"https:\/\/elektrotechnik-biedermann.de\/?page_id=46","url":"https:\/\/elektrotechnik-biedermann.de\/?page_id=46","name":"Impressum - Elektrotechnik Biedermann","isPartOf":{"@id":"https:\/\/elektrotechnik-biedermann.de\/#website"},"datePublished":"2021-07-28T12:10:23+00:00","dateModified":"2021-10-19T09:29:49+00:00","description":"Elektrotechnik Biedermann - Elektriker-Handwerk aus Wurmlingen f\u00fcr die Industrie, Privathaushalt, KNX Programmierung und Lichtgestalltung","breadcrumb":{"@id":"https:\/\/elektrotechnik-biedermann.de\/?page_id=46#breadcrumb"},"inLanguage":"de","potentialAction":[{"@type":"ReadAction","target":["https:\/\/elektrotechnik-biedermann.de\/?page_id=46"]}]},{"@type":"BreadcrumbList","@id":"https:\/\/elektrotechnik-biedermann.de\/?page_id=46#breadcrumb","itemListElement":[{"@type":"ListItem","position":1,"name":"Startseite","item":"https:\/\/elektrotechnik-biedermann.de\/"},{"@type":"ListItem","position":2,"name":"Home","item":"https:\/\/elektrotechnik-biedermann.de\/"},{"@type":"ListItem","position":3,"name":"Impressum"}]},{"@type":"WebSite","@id":"https:\/\/elektrotechnik-biedermann.de\/#website","url":"https:\/\/elektrotechnik-biedermann.de\/","name":"Elektrotechnik Biedermann","description":"Elektroinstallation Industrieanlagen, Geb\u00e4ude,  Privat","publisher":{"@id":"https:\/\/elektrotechnik-biedermann.de\/#organization"},"potentialAction":[{"@type":"SearchAction","target":{"@type":"EntryPoint","urlTemplate":"https:\/\/elektrotechnik-biedermann.de\/?s={search_term_string}"},"query-input":"required name=search_term_string"}],"inLanguage":"de"},{"@type":"Organization","@id":"https:\/\/elektrotechnik-biedermann.de\/#organization","name":"Elektrotechnik Biedermann","url":"https:\/\/elektrotechnik-biedermann.de\/","sameAs":[],"logo":{"@type":"ImageObject","inLanguage":"de","@id":"https:\/\/elektrotechnik-biedermann.de\/#\/schema\/logo\/image\/","url":"https:\/\/elektrotechnik-biedermann.de\/wp-content\/uploads\/2021\/07\/cropped-BiedermannElektroLogo_512-1.png","contentUrl":"https:\/\/elektrotechnik-biedermann.de\/wp-content\/uploads\/2021\/07\/cropped-BiedermannElektroLogo_512-1.png","width":512,"height":279,"caption":"Elektrotechnik Biedermann"},"image":{"@id":"https:\/\/elektrotechnik-biedermann.de\/#\/schema\/logo\/image\/"}}]}},"_links":{"self":[{"href":"https:\/\/elektrotechnik-biedermann.de\/index.php?rest_route=\/wp\/v2\/pages\/46","targetHints":{"allow":["GET"]}}],"collection":[{"href":"https:\/\/elektrotechnik-biedermann.de\/index.php?rest_route=\/wp\/v2\/pages"}],"about":[{"href":"https:\/\/elektrotechnik-biedermann.de\/index.php?rest_route=\/wp\/v2\/types\/page"}],"author":[{"embeddable":true,"href":"https:\/\/elektrotechnik-biedermann.de\/index.php?rest_route=\/wp\/v2\/users\/1"}],"replies":[{"embeddable":true,"href":"https:\/\/elektrotechnik-biedermann.de\/index.php?rest_route=%2Fwp%2Fv2%2Fcomments&post=46"}],"version-history":[{"count":21,"href":"https:\/\/elektrotechnik-biedermann.de\/index.php?rest_route=\/wp\/v2\/pages\/46\/revisions"}],"predecessor-version":[{"id":526,"href":"https:\/\/elektrotechnik-biedermann.de\/index.php?rest_route=\/wp\/v2\/pages\/46\/revisions\/526"}],"up":[{"embeddable":true,"href":"https:\/\/elektrotechnik-biedermann.de\/index.php?rest_route=\/wp\/v2\/pages\/17"}],"wp:attachment":[{"href":"https:\/\/elektrotechnik-biedermann.de\/index.php?rest_route=%2Fwp%2Fv2%2Fmedia&parent=46"}],"curies":[{"name":"wp","href":"https:\/\/api.w.org\/{rel}","templated":true}]}}